{"id":21571,"date":"2025-07-21T19:45:07","date_gmt":"2025-07-21T17:45:07","guid":{"rendered":"https:\/\/lamanotte.fr\/boutique\/fruits-dete-denim-jacket\/"},"modified":"2025-07-22T21:03:21","modified_gmt":"2025-07-22T19:03:21","slug":"fruits-dete-denim-jacket","status":"publish","type":"product","link":"https:\/\/lamanotte.fr\/en\/boutique\/fruits-dete-denim-jacket\/","title":{"rendered":"Fruits d&#8217;\u00e9t\u00e9 denim jacket"},"content":{"rendered":"<p>Beautiful denim jacket with &#8220;Fruits d&#8217;\u00e9t\u00e9 &#8211; Pinneapple&#8221; embroidered patch on chest, long buttoned sleeves, two false buttoned pockets on bust, four rivets to close. Pleated back, printed bias on waistband. Matching overalls sold separately.   Made in France, very good condition, 100% cotton.  <\/p>\n<p>  Each piece is carefully selected and inspected. Vintage garments may show minor alterations due to their age; each defect is specified in the item description.<\/p>\n","protected":false},"excerpt":{"rendered":"<p>Beautiful denim jacket with &#8220;Fruits d&#8217;\u00e9t\u00e9 &#8211; Pinneapple&#8221; embroidered patch on chest, long buttoned sleeves, two false buttoned pockets on bust, four rivets to close. Pleated back, printed bias on waistband. Matching overalls sold separately.   Made in France, very good condition, 100% cotton.  <\/p>\n<p>  Each piece is carefully selected and inspected. Vintage garments may show minor alterations due to their age; each defect is specified in the item description.<\/p>\n","protected":false},"featured_media":21221,"template":"","meta":{"ocean_post_layout":"full-width","ocean_both_sidebars_style":"","ocean_both_sidebars_content_width":0,"ocean_both_sidebars_sidebars_width":0,"ocean_sidebar":"0","ocean_second_sidebar":"","ocean_disable_margins":"on","ocean_add_body_class":"","ocean_shortcode_before_top_bar":"","ocean_shortcode_after_top_bar":"","ocean_shortcode_before_header":"","ocean_shortcode_after_header":"","ocean_has_shortcode":"","ocean_shortcode_after_title":"","ocean_shortcode_before_footer_widgets":"","ocean_shortcode_after_footer_widgets":"","ocean_shortcode_before_footer_bottom":"","ocean_shortcode_after_footer_bottom":"","ocean_display_top_bar":"on","ocean_display_header":"on","ocean_header_style":"","ocean_center_header_left_menu":"","ocean_custom_header_template":"","ocean_custom_logo":0,"ocean_custom_retina_logo":0,"ocean_custom_logo_max_width":0,"ocean_custom_logo_tablet_max_width":0,"ocean_custom_logo_mobile_max_width":0,"ocean_custom_logo_max_height":0,"ocean_custom_logo_tablet_max_height":0,"ocean_custom_logo_mobile_max_height":0,"ocean_header_custom_menu":"0","ocean_menu_typo_font_family":"0","ocean_menu_typo_font_subset":"","ocean_menu_typo_font_size":0,"ocean_menu_typo_font_size_tablet":0,"ocean_menu_typo_font_size_mobile":0,"ocean_menu_typo_font_size_unit":"px","ocean_menu_typo_font_weight":"","ocean_menu_typo_font_weight_tablet":"","ocean_menu_typo_font_weight_mobile":"","ocean_menu_typo_transform":"","ocean_menu_typo_transform_tablet":"","ocean_menu_typo_transform_mobile":"","ocean_menu_typo_line_height":0,"ocean_menu_typo_line_height_tablet":0,"ocean_menu_typo_line_height_mobile":0,"ocean_menu_typo_line_height_unit":"","ocean_menu_typo_spacing":0,"ocean_menu_typo_spacing_tablet":0,"ocean_menu_typo_spacing_mobile":0,"ocean_menu_typo_spacing_unit":"","ocean_menu_link_color":"","ocean_menu_link_color_hover":"","ocean_menu_link_color_active":"","ocean_menu_link_background":"","ocean_menu_link_hover_background":"","ocean_menu_link_active_background":"","ocean_menu_social_links_bg":"","ocean_menu_social_hover_links_bg":"","ocean_menu_social_links_color":"","ocean_menu_social_hover_links_color":"","ocean_disable_title":"on","ocean_disable_heading":"enable","ocean_post_title":"","ocean_post_subheading":"","ocean_post_title_style":"","ocean_post_title_background_color":"","ocean_post_title_background":0,"ocean_post_title_bg_image_position":"","ocean_post_title_bg_image_attachment":"","ocean_post_title_bg_image_repeat":"","ocean_post_title_bg_image_size":"","ocean_post_title_height":0,"ocean_post_title_bg_overlay":0.5,"ocean_post_title_bg_overlay_color":"","ocean_disable_breadcrumbs":"off","ocean_breadcrumbs_color":"","ocean_breadcrumbs_separator_color":"","ocean_breadcrumbs_links_color":"","ocean_breadcrumbs_links_hover_color":"","ocean_display_footer_widgets":"on","ocean_display_footer_bottom":"off","ocean_custom_footer_template":"0"},"product_brand":[],"product_cat":[85],"product_tag":[],"class_list":{"0":"post-21571","1":"product","2":"type-product","3":"status-publish","4":"has-post-thumbnail","6":"product_cat-sweaters-cardigans","8":"entry","9":"has-media","11":"first","12":"outofstock","13":"sold-individually","14":"shipping-taxable","15":"product-type-simple","16":"col","17":"span_1_of_3","18":"owp-content-center","19":"item-entry","20":"owp-thumbs-layout-horizontal","21":"owp-btn-very-big","22":"owp-tabs-layout-section"},"_links":{"self":[{"href":"https:\/\/lamanotte.fr\/en\/wp-json\/wp\/v2\/product\/21571","targetHints":{"allow":["GET"]}}],"collection":[{"href":"https:\/\/lamanotte.fr\/en\/wp-json\/wp\/v2\/product"}],"about":[{"href":"https:\/\/lamanotte.fr\/en\/wp-json\/wp\/v2\/types\/product"}],"wp:featuredmedia":[{"embeddable":true,"href":"https:\/\/lamanotte.fr\/en\/wp-json\/wp\/v2\/media\/21221"}],"wp:attachment":[{"href":"https:\/\/lamanotte.fr\/en\/wp-json\/wp\/v2\/media?parent=21571"}],"wp:term":[{"taxonomy":"product_brand","embeddable":true,"href":"https:\/\/lamanotte.fr\/en\/wp-json\/wp\/v2\/product_brand?post=21571"},{"taxonomy":"product_cat","embeddable":true,"href":"https:\/\/lamanotte.fr\/en\/wp-json\/wp\/v2\/product_cat?post=21571"},{"taxonomy":"product_tag","embeddable":true,"href":"https:\/\/lamanotte.fr\/en\/wp-json\/wp\/v2\/product_tag?post=21571"}],"curies":[{"name":"wp","href":"https:\/\/api.w.org\/{rel}","templated":true}]}}